{"id":3727,"date":"2025-11-19T16:32:05","date_gmt":"2025-11-19T15:32:05","guid":{"rendered":"https:\/\/www.campingboccadicecina.it\/animation\/"},"modified":"2026-03-13T09:49:58","modified_gmt":"2026-03-13T08:49:58","slug":"animation","status":"publish","type":"page","link":"https:\/\/www.campingboccadicecina.it\/de\/animation\/","title":{"rendered":"Animation"},"content":{"rendered":"<div class=\"wpb-content-wrapper\">[vc_row css_animation=&#8220;fadeIn&#8220; full_width=&#8220;stretch_row&#8220; el_class=&#8220;hero_height&#8220; css=&#8220;.vc_custom_1764151225756{background-image: url(https:\/\/www.campingboccadicecina.it\/wp-content\/uploads\/2025\/11\/bambini-piscina.jpg?id=2415) !important;background-position: 0 0 !important;background-repeat: no-repeat !important;}&#8220; wpex_bg_position=&#8220;50% 50%&#8220; wpex_bg_size=&#8220;cover&#8220; wpex_bg_overlay=&#8220;color&#8220; wpex_bg_overlay_opacity=&#8220;20%&#8220;][vc_column][vc_column_text css_animation=&#8220;fadeInDown&#8220; css=&#8220;&#8220; color=&#8220;on-accent&#8220; font_size=&#8220;d:50|tl:40|tp:40|pl:30|pp:30&#8243; font_family=&#8220;Poppins&#8220; font_weight=&#8220;700&#8243; line_height=&#8220;120%&#8220;]\n<p style=\"text-align: center;\">Animation<\/p>\n[\/vc_column_text][\/vc_column][\/vc_row][vc_row el_class=&#8220;ptd80 pbd130 ptm20 pbm60&#8243;][vc_column css_animation=&#8220;fadeIn&#8220; width=&#8220;1\/2&#8243;][vc_column_text css=&#8220;&#8220; color=&#8220;accent&#8220; font_size=&#8220;30px&#8220; font_family=&#8220;Reenie Beanie&#8220; font_weight=&#8220;700&#8243; line_height=&#8220;150%&#8220;]Spa\u00df f\u00fcr alle Altersgruppen[\/vc_column_text][vc_column_text css=&#8220;&#8220; el_class=&#8220;mtd35 mtm30&#8243;]\n<h1>Campingplatz mit <span style=\"color: #ffffff;\"><span style=\"background-color: #1bbc9b;\">Unterhaltung <\/span><\/span>f\u00fcr alle Altersgruppen<\/h1>\n[\/vc_column_text][vc_column_text css=&#8220;.vc_custom_1763566390773{margin-top: 25px !important;}&#8220; el_class=&#8220;cm&#8220;]Auf dem Campingplatz Bocca di Cecina erwacht der Sommer mit einem exklusiven Animationsservice zum Leben, der ein <strong>reichhaltiges Unterhaltungsprogramm f\u00fcr alle <\/strong>Altersgruppen und Geschm\u00e4cker bietet. Es beginnt am Morgen mit sanfter Gymnastik am Meer und setzt sich am Nachmittag mit Aktivit\u00e4ten fort, die f\u00fcr jeden geeignet sind.<br \/>\nUnser reichhaltiges Programm l\u00e4dt Sie ein, in eine Welt voller Spa\u00df einzutauchen: vom <strong>Baby-Club<\/strong> bis zu <strong>Sportturnieren<\/strong>, von <strong>Musik-<\/strong> und <strong>Themenabenden<\/strong> bis zu <strong>Babyt\u00e4nzen<\/strong> und <strong>Gruppent\u00e4nzen<\/strong>. Freiheit ist die Devise. Nehmen Sie teil, wie es Ihnen gef\u00e4llt, und gestalten Sie Ihren Urlaub so, wie Sie es sich w\u00fcnschen.[\/vc_column_text][\/vc_column][vc_column css_animation=&#8220;fadeIn&#8220; width=&#8220;1\/2&#8243; el_class=&#8220;mtm30 first-img-service&#8220;][vc_single_image image=&#8220;3729&#8243; css=&#8220;&#8220; el_class=&#8220;single_right_image&#8220;][\/vc_column][vc_column]<div class=\"vcex-spacing wpex-w-100 wpex-clear\" style=\"height:60px;\"><\/div>[vc_column_text css=&#8220;.vc_custom_1763566724453{margin-top: 20px !important;}&#8220; el_class=&#8220;text_align&#8220; text_align=&#8220;left&#8220;]\n<h3 style=\"text-align: center;\">Ein Unterhaltungsprogramm f\u00fcr alle Altersgruppen:<\/h3>\n[\/vc_column_text]<div class=\"vcex-spacing wpex-w-100 wpex-clear\" style=\"height:10px;\"><\/div>[vc_column_text css=&#8220;&#8220; font_size=&#8220;20&#8243;]\n<p style=\"text-align: center;\">Softgymnastik &#8211; Sportturniere &#8211; Musikabende &#8211; Themenabende &#8211; Mini Club &#8211; Baby Dance &#8211; Gruppent\u00e4nze &#8211;<\/p>\n[\/vc_column_text][\/vc_column][\/vc_row][vc_row equal_height=&#8220;yes&#8220; el_class=&#8220;ptd30 ptm10 pbd130 pbm60&#8243;][vc_column width=&#8220;1\/2&#8243; el_class=&#8220;width_full&#8220;][vc_single_image image=&#8220;3935&#8243; css_animation=&#8220;none&#8220; css=&#8220;&#8220; el_class=&#8220;image_border_radius&#8220;][\/vc_column][vc_column width=&#8220;1\/2&#8243; el_class=&#8220;mtm30 width_full col_margin_top&#8220;]<style>.vcex-image-grid.vcex_69fae4221fa0b{--wpex-row-gap:30px;}<\/style><div class=\"vcex-image-grid-wrap\"><div class=\"vcex-module vcex-image-grid grid-style-default wpex-row wpex-clr wpex-lightbox-group vcex_69fae4221fa0b\" data-show_title=\"false\"><div class=\"id-3728 vcex-image-grid-entry vcex-grid-item wpex-text-center span_1_of_2 nr-col col-1\"><figure class=\"vcex-image-grid-entry-figure wpex-last-mb-0 wpex-clr\"><div class=\"vcex-image-grid-entry-img entry-media wpex-relative wpex-rounded wpex-mb-20\"><a href=\"https:\/\/www.campingboccadicecina.it\/wp-content\/uploads\/2025\/11\/animazione-campeggio-01.jpg\" class=\"vcex-image-grid-entry-link wpex-lightbox-group-item\" data-show_title=\"false\"><img width=\"960\" height=\"720\" src=\"https:\/\/www.campingboccadicecina.it\/wp-content\/uploads\/2025\/11\/animazione-campeggio-01.jpg\" class=\"wpex-align-middle wpex-rounded\" alt=\"animazione campeggio\" loading=\"lazy\" decoding=\"async\" srcset=\"https:\/\/www.campingboccadicecina.it\/wp-content\/uploads\/2025\/11\/animazione-campeggio-01.jpg 960w, https:\/\/www.campingboccadicecina.it\/wp-content\/uploads\/2025\/11\/animazione-campeggio-01-300x225.jpg 300w, https:\/\/www.campingboccadicecina.it\/wp-content\/uploads\/2025\/11\/animazione-campeggio-01-768x576.jpg 768w\" sizes=\"auto, (max-width: 960px) 100vw, 960px\" title=\"\"><\/a><\/div><\/figure><\/div><div class=\"id-3730 vcex-image-grid-entry vcex-grid-item wpex-text-center span_1_of_2 nr-col col-2\"><figure class=\"vcex-image-grid-entry-figure wpex-last-mb-0 wpex-clr\"><div class=\"vcex-image-grid-entry-img entry-media wpex-relative wpex-rounded wpex-mb-20\"><a href=\"https:\/\/www.campingboccadicecina.it\/wp-content\/uploads\/2025\/11\/animazione.jpg\" class=\"vcex-image-grid-entry-link wpex-lightbox-group-item\" data-show_title=\"false\"><img width=\"960\" height=\"720\" src=\"https:\/\/www.campingboccadicecina.it\/wp-content\/uploads\/2025\/11\/animazione.jpg\" class=\"wpex-align-middle wpex-rounded\" alt=\"\" loading=\"lazy\" decoding=\"async\" srcset=\"https:\/\/www.campingboccadicecina.it\/wp-content\/uploads\/2025\/11\/animazione.jpg 960w, https:\/\/www.campingboccadicecina.it\/wp-content\/uploads\/2025\/11\/animazione-300x225.jpg 300w, https:\/\/www.campingboccadicecina.it\/wp-content\/uploads\/2025\/11\/animazione-768x576.jpg 768w\" sizes=\"auto, (max-width: 960px) 100vw, 960px\" title=\"\"><\/a><\/div><\/figure><\/div><div class=\"id-3731 vcex-image-grid-entry vcex-grid-item wpex-text-center span_1_of_2 nr-col col-1\"><figure class=\"vcex-image-grid-entry-figure wpex-last-mb-0 wpex-clr\"><div class=\"vcex-image-grid-entry-img entry-media wpex-relative wpex-rounded wpex-mb-20\"><a href=\"https:\/\/www.campingboccadicecina.it\/wp-content\/uploads\/2025\/11\/camping-animazione-toscana.jpg\" class=\"vcex-image-grid-entry-link wpex-lightbox-group-item\" data-show_title=\"false\"><img width=\"1920\" height=\"1278\" src=\"https:\/\/www.campingboccadicecina.it\/wp-content\/uploads\/2025\/11\/camping-animazione-toscana.jpg\" class=\"wpex-align-middle wpex-rounded\" alt=\"camping animazione toscana\" loading=\"lazy\" decoding=\"async\" srcset=\"https:\/\/www.campingboccadicecina.it\/wp-content\/uploads\/2025\/11\/camping-animazione-toscana.jpg 1920w, https:\/\/www.campingboccadicecina.it\/wp-content\/uploads\/2025\/11\/camping-animazione-toscana-300x200.jpg 300w, https:\/\/www.campingboccadicecina.it\/wp-content\/uploads\/2025\/11\/camping-animazione-toscana-1024x682.jpg 1024w, https:\/\/www.campingboccadicecina.it\/wp-content\/uploads\/2025\/11\/camping-animazione-toscana-768x511.jpg 768w, https:\/\/www.campingboccadicecina.it\/wp-content\/uploads\/2025\/11\/camping-animazione-toscana-1536x1022.jpg 1536w\" sizes=\"auto, (max-width: 1920px) 100vw, 1920px\" title=\"\"><\/a><\/div><\/figure><\/div><\/div><\/div>[\/vc_column][\/vc_row]\n<\/div>","protected":false},"excerpt":{"rendered":"<p>[vc_row css_animation=&#8220;fadeIn&#8220; full_width=&#8220;stretch_row&#8220; el_class=&#8220;hero_height&#8220; css=&#8220;.vc_custom_1764151225756{background-image: url(https:\/\/www.campingboccadicecina.it\/wp-content\/uploads\/2025\/11\/bambini-piscina.jpg?id=2415) !important;background-position: 0 0 !important;background-repeat: no-repeat !important;}&#8220; wpex_bg_position=&#8220;50% 50%&#8220; wpex_bg_size=&#8220;cover&#8220; wpex_bg_overlay=&#8220;color&#8220; wpex_bg_overlay_opacity=&#8220;20%&#8220;][vc_column][vc_column_text css_animation=&#8220;fadeInDown&#8220; css=&#8220;&#8220; color=&#8220;on-accent&#8220; font_size=&#8220;d:50|tl:40|tp:40|pl:30|pp:30&#8243; font_family=&#8220;Poppins&#8220; font_weight=&#8220;700&#8243; line_height=&#8220;120%&#8220;] Animation [\/vc_column_text][\/vc_column][\/vc_row][vc_row el_class=&#8220;ptd80 pbd130 ptm20 pbm60&#8243;][vc_column css_animation=&#8220;fadeIn&#8220; width=&#8220;1\/2&#8243;][vc_column_text css=&#8220;&#8220; color=&#8220;accent&#8220; font_size=&#8220;30px&#8220; font_family=&#8220;Reenie Beanie&#8220; font_weight=&#8220;700&#8243; line_height=&#8220;150%&#8220;]Spa\u00df f\u00fcr alle Altersgruppen[\/vc_column_text][vc_column_text css=&#8220;&#8220; el_class=&#8220;mtd35 mtm30&#8243;] Campingplatz mit Unterhaltung f\u00fcr alle Altersgruppen [\/vc_column_text][vc_column_text css=&#8220;.vc_custom_1763566390773{margin-top: 25px !important;}&#8220;&hellip;<\/p>\n","protected":false},"author":3,"featured_media":0,"parent":0,"menu_order":0,"comment_status":"closed","ping_status":"closed","template":"","meta":{"_acf_changed":false,"inline_featured_image":false,"footnotes":""},"class_list":["post-3727","page","type-page","status-publish","hentry","entry","no-media"],"acf":[],"_links":{"self":[{"href":"https:\/\/www.campingboccadicecina.it\/de\/wp-json\/wp\/v2\/pages\/3727","targetHints":{"allow":["GET"]}}],"collection":[{"href":"https:\/\/www.campingboccadicecina.it\/de\/wp-json\/wp\/v2\/pages"}],"about":[{"href":"https:\/\/www.campingboccadicecina.it\/de\/wp-json\/wp\/v2\/types\/page"}],"author":[{"embeddable":true,"href":"https:\/\/www.campingboccadicecina.it\/de\/wp-json\/wp\/v2\/users\/3"}],"replies":[{"embeddable":true,"href":"https:\/\/www.campingboccadicecina.it\/de\/wp-json\/wp\/v2\/comments?post=3727"}],"version-history":[{"count":5,"href":"https:\/\/www.campingboccadicecina.it\/de\/wp-json\/wp\/v2\/pages\/3727\/revisions"}],"predecessor-version":[{"id":4537,"href":"https:\/\/www.campingboccadicecina.it\/de\/wp-json\/wp\/v2\/pages\/3727\/revisions\/4537"}],"wp:attachment":[{"href":"https:\/\/www.campingboccadicecina.it\/de\/wp-json\/wp\/v2\/media?parent=3727"}],"curies":[{"name":"wp","href":"https:\/\/api.w.org\/{rel}","templated":true}]}}