{"id":3769,"date":"2025-11-18T14:13:25","date_gmt":"2025-11-18T13:13:25","guid":{"rendered":"https:\/\/www.campingboccadicecina.it\/sportplaetze\/"},"modified":"2025-12-19T13:54:12","modified_gmt":"2025-12-19T12:54:12","slug":"sportplaetze","status":"publish","type":"page","link":"https:\/\/www.campingboccadicecina.it\/de\/sportplaetze\/","title":{"rendered":"Sportpl\u00e4tze"},"content":{"rendered":"<div class=\"wpb-content-wrapper\">[vc_row css_animation=&#8220;fadeIn&#8220; full_width=&#8220;stretch_row&#8220; el_class=&#8220;hero_height&#8220; css=&#8220;.vc_custom_1763742103755{background-image: url(https:\/\/www.campingboccadicecina.it\/wp-content\/uploads\/2025\/11\/vacanza-sport-toscana.jpg?id=2226) !important;background-position: 0 0 !important;background-repeat: no-repeat !important;}&#8220; wpex_bg_position=&#8220;50% 50%&#8220; wpex_bg_size=&#8220;cover&#8220; wpex_bg_overlay=&#8220;color&#8220; wpex_bg_overlay_opacity=&#8220;20%&#8220;][vc_column][vc_column_text css_animation=&#8220;fadeInDown&#8220; css=&#8220;&#8220; color=&#8220;on-accent&#8220; font_size=&#8220;d:50|tl:40|tp:40|pl:30|pp:30&#8243; font_family=&#8220;Poppins&#8220; font_weight=&#8220;700&#8243; line_height=&#8220;120%&#8220;]\n<p style=\"text-align: center;\">Sportpl\u00e4tze: Tennis, Fu\u00dfball, Beachvolleyball<\/p>\n[\/vc_column_text][\/vc_column][\/vc_row][vc_row el_class=&#8220;ptd80 pbd60 ptm20 pbm60&#8243;][vc_column css_animation=&#8220;fadeIn&#8220; width=&#8220;1\/2&#8243;][vc_column_text css=&#8220;&#8220; color=&#8220;accent&#8220; font_size=&#8220;30px&#8220; font_family=&#8220;Reenie Beanie&#8220; font_weight=&#8220;700&#8243; line_height=&#8220;150%&#8220;]Ausgestatteter Bereich f\u00fcr Spiele und Unterhaltung[\/vc_column_text][vc_column_text css=&#8220;&#8220; el_class=&#8220;mtd35 mtm30&#8243;]\n<h1>All der <span style=\"background-color: #1bbc9b; color: #fff; padding: 0px 10px;\">Sport<\/span>, den Sie wollen, wann Sie wollen<\/h1>\n[\/vc_column_text][vc_column_text css=&#8220;&#8220; el_class=&#8220;mtd10 mtm10&#8243;]Im <strong>Camping Village Bocca di Cecina<\/strong> geh\u00f6rt Sport zu Ihrem Urlaub.<br data-start=\"685\" data-end=\"688\" \/>In der neuen Sportanlage finden Sie <strong>Tennispl\u00e4tze<\/strong>, <strong>Fu\u00dfballpl\u00e4tze<\/strong>, <strong>Beachvolleyball-<\/strong> und <strong>Beachsoccer-Pl\u00e4tze<\/strong> sowie Bereiche, die f\u00fcr Familien, Gruppen und Jugendliche gedacht sind.<br \/>\n<br data-start=\"856\" data-end=\"859\" \/>Vom Pinienwald bis zum Strand kann jeder Tag zu einer Gelegenheit werden, sich zu bewegen, zu spielen und an der frischen Luft zu sein.[\/vc_column_text]<div class=\"vcex-spacing wpex-w-100 wpex-clear\" style=\"height:15px;\"><\/div><style>.vcex-bullets.vcex_69fae3f4dfed9{font-weight:500;}<\/style><div class=\"vcex-module vcex-bullets vcex-bullets--vertical wpex-gap-15 vcex-bullets-check vcex_69fae3f4dfed9\">\n<ul role=\"list\">\n<li>Tennisplatz<\/li>\n<li>Fu\u00dfballplatz<\/li>\n<li>Beachvolleyball<\/li>\n<li>Strandfu\u00dfball<\/li>\n<li>Tischtennis<\/li>\n<li>Spielbereich f\u00fcr Kinder mit Schattentuch<\/li>\n<\/ul>\n<\/div>[\/vc_column][vc_column css_animation=&#8220;fadeIn&#8220; width=&#8220;1\/2&#8243; el_class=&#8220;mtm30&#8243;]<div class=\"vcex-image-grid-wrap\"><div class=\"vcex-module vcex-image-grid grid-style-masonry wpex-row wpex-clr vcex-isotope-grid no-transition wpex-overflow-hidden wpex-lightbox-group image_hover_white hidden-phone\" data-transition-duration=\"0.0\"><div class=\"id-3772 vcex-image-grid-entry vcex-grid-item vcex-isotope-entry wpex-text-center span_1_of_2 col col-1\"><figure class=\"vcex-image-grid-entry-figure wpex-last-mb-0 wpex-clr\"><div class=\"vcex-image-grid-entry-img entry-media wpex-relative wpex-rounded wpex-mb-20\"><a href=\"https:\/\/www.campingboccadicecina.it\/wp-content\/uploads\/2025\/11\/vacanza-sport-4.jpg\" class=\"vcex-image-grid-entry-link wpex-lightbox-group-item\" data-title=\"vacanza sport toscana\"><img width=\"1024\" height=\"683\" src=\"https:\/\/www.campingboccadicecina.it\/wp-content\/uploads\/2025\/11\/vacanza-sport-4.jpg\" class=\"wpex-align-middle wpex-rounded skip-lazy\" alt=\"vacanza sport toscana\" data-no-lazy=\"1\" srcset=\"https:\/\/www.campingboccadicecina.it\/wp-content\/uploads\/2025\/11\/vacanza-sport-4.jpg 1024w, https:\/\/www.campingboccadicecina.it\/wp-content\/uploads\/2025\/11\/vacanza-sport-4-300x200.jpg 300w, https:\/\/www.campingboccadicecina.it\/wp-content\/uploads\/2025\/11\/vacanza-sport-4-768x512.jpg 768w\" sizes=\"(max-width: 1024px) 100vw, 1024px\" title=\"\"><\/a><\/div><\/figure><\/div><div class=\"id-3777 vcex-image-grid-entry vcex-grid-item vcex-isotope-entry wpex-text-center span_1_of_2 col col-2\"><figure class=\"vcex-image-grid-entry-figure wpex-last-mb-0 wpex-clr\"><div class=\"vcex-image-grid-entry-img entry-media wpex-relative wpex-rounded wpex-mb-20\"><a href=\"https:\/\/www.campingboccadicecina.it\/wp-content\/uploads\/2025\/11\/campi-sport-03.jpg\" class=\"vcex-image-grid-entry-link wpex-lightbox-group-item\" data-title=\"campeggio con campi calcetto\"><img width=\"1200\" height=\"800\" src=\"https:\/\/www.campingboccadicecina.it\/wp-content\/uploads\/2025\/11\/campi-sport-03.jpg\" class=\"wpex-align-middle wpex-rounded skip-lazy\" alt=\"campeggio con campi calcetto\" data-no-lazy=\"1\" srcset=\"https:\/\/www.campingboccadicecina.it\/wp-content\/uploads\/2025\/11\/campi-sport-03.jpg 1200w, https:\/\/www.campingboccadicecina.it\/wp-content\/uploads\/2025\/11\/campi-sport-03-300x200.jpg 300w, https:\/\/www.campingboccadicecina.it\/wp-content\/uploads\/2025\/11\/campi-sport-03-1024x683.jpg 1024w, https:\/\/www.campingboccadicecina.it\/wp-content\/uploads\/2025\/11\/campi-sport-03-768x512.jpg 768w\" sizes=\"(max-width: 1200px) 100vw, 1200px\" title=\"\"><\/a><\/div><\/figure><\/div><div class=\"id-3775 vcex-image-grid-entry vcex-grid-item vcex-isotope-entry wpex-text-center span_1_of_2 col col-1\"><figure class=\"vcex-image-grid-entry-figure wpex-last-mb-0 wpex-clr\"><div class=\"vcex-image-grid-entry-img entry-media wpex-relative wpex-rounded wpex-mb-20\"><a href=\"https:\/\/www.campingboccadicecina.it\/wp-content\/uploads\/2025\/11\/campi-sport-02.jpg\" class=\"vcex-image-grid-entry-link wpex-lightbox-group-item\" data-title=\"campeggio con campi calcetto\" data-caption=\"default\"><img width=\"1200\" height=\"900\" src=\"https:\/\/www.campingboccadicecina.it\/wp-content\/uploads\/2025\/11\/campi-sport-02.jpg\" class=\"wpex-align-middle wpex-rounded skip-lazy\" alt=\"campeggio con campi calcetto\" data-no-lazy=\"1\" srcset=\"https:\/\/www.campingboccadicecina.it\/wp-content\/uploads\/2025\/11\/campi-sport-02.jpg 1200w, https:\/\/www.campingboccadicecina.it\/wp-content\/uploads\/2025\/11\/campi-sport-02-300x225.jpg 300w, https:\/\/www.campingboccadicecina.it\/wp-content\/uploads\/2025\/11\/campi-sport-02-1024x768.jpg 1024w, https:\/\/www.campingboccadicecina.it\/wp-content\/uploads\/2025\/11\/campi-sport-02-768x576.jpg 768w\" sizes=\"(max-width: 1200px) 100vw, 1200px\" title=\"\"><\/a><\/div><\/figure><\/div><div class=\"id-3776 vcex-image-grid-entry vcex-grid-item vcex-isotope-entry wpex-text-center span_1_of_2 col col-2\"><figure class=\"vcex-image-grid-entry-figure wpex-last-mb-0 wpex-clr\"><div class=\"vcex-image-grid-entry-img entry-media wpex-relative wpex-rounded wpex-mb-20\"><a href=\"https:\/\/www.campingboccadicecina.it\/wp-content\/uploads\/2025\/11\/campi-sport.jpg\" class=\"vcex-image-grid-entry-link wpex-lightbox-group-item\" data-title=\"campeggio con campi calcetto\"><img width=\"1352\" height=\"900\" src=\"https:\/\/www.campingboccadicecina.it\/wp-content\/uploads\/2025\/11\/campi-sport.jpg\" class=\"wpex-align-middle wpex-rounded skip-lazy\" alt=\"campeggio con campi calcetto\" data-no-lazy=\"1\" srcset=\"https:\/\/www.campingboccadicecina.it\/wp-content\/uploads\/2025\/11\/campi-sport.jpg 1352w, https:\/\/www.campingboccadicecina.it\/wp-content\/uploads\/2025\/11\/campi-sport-300x200.jpg 300w, https:\/\/www.campingboccadicecina.it\/wp-content\/uploads\/2025\/11\/campi-sport-1024x682.jpg 1024w, https:\/\/www.campingboccadicecina.it\/wp-content\/uploads\/2025\/11\/campi-sport-768x511.jpg 768w\" sizes=\"(max-width: 1352px) 100vw, 1352px\" title=\"\"><\/a><\/div><\/figure><\/div><div class=\"id-3778 vcex-image-grid-entry vcex-grid-item vcex-isotope-entry wpex-text-center span_1_of_2 col col-1\"><figure class=\"vcex-image-grid-entry-figure wpex-last-mb-0 wpex-clr\"><div class=\"vcex-image-grid-entry-img entry-media wpex-relative wpex-rounded wpex-mb-20\"><a href=\"https:\/\/www.campingboccadicecina.it\/wp-content\/uploads\/2025\/11\/campo-tennis.jpg\" class=\"vcex-image-grid-entry-link wpex-lightbox-group-item\" data-title=\"campeggio con campi tennis\" data-caption=\"default\"><img width=\"1200\" height=\"900\" src=\"https:\/\/www.campingboccadicecina.it\/wp-content\/uploads\/2025\/11\/campo-tennis.jpg\" class=\"wpex-align-middle wpex-rounded skip-lazy\" alt=\"campeggio con campi tennis\" data-no-lazy=\"1\" srcset=\"https:\/\/www.campingboccadicecina.it\/wp-content\/uploads\/2025\/11\/campo-tennis.jpg 1200w, https:\/\/www.campingboccadicecina.it\/wp-content\/uploads\/2025\/11\/campo-tennis-300x225.jpg 300w, https:\/\/www.campingboccadicecina.it\/wp-content\/uploads\/2025\/11\/campo-tennis-1024x768.jpg 1024w, https:\/\/www.campingboccadicecina.it\/wp-content\/uploads\/2025\/11\/campo-tennis-768x576.jpg 768w\" sizes=\"(max-width: 1200px) 100vw, 1200px\" title=\"\"><\/a><\/div><\/figure><\/div><div class=\"id-3771 vcex-image-grid-entry vcex-grid-item vcex-isotope-entry wpex-text-center span_1_of_2 col col-2\"><figure class=\"vcex-image-grid-entry-figure wpex-last-mb-0 wpex-clr\"><div class=\"vcex-image-grid-entry-img entry-media wpex-relative wpex-rounded wpex-mb-20\"><a href=\"https:\/\/www.campingboccadicecina.it\/wp-content\/uploads\/2025\/11\/vacanza-sport-2.jpg\" class=\"vcex-image-grid-entry-link wpex-lightbox-group-item\" data-title=\"vacanza sport toscana\"><img width=\"1024\" height=\"768\" src=\"https:\/\/www.campingboccadicecina.it\/wp-content\/uploads\/2025\/11\/vacanza-sport-2.jpg\" class=\"wpex-align-middle wpex-rounded skip-lazy\" alt=\"vacanza sport toscana\" data-no-lazy=\"1\" srcset=\"https:\/\/www.campingboccadicecina.it\/wp-content\/uploads\/2025\/11\/vacanza-sport-2.jpg 1024w, https:\/\/www.campingboccadicecina.it\/wp-content\/uploads\/2025\/11\/vacanza-sport-2-300x225.jpg 300w, https:\/\/www.campingboccadicecina.it\/wp-content\/uploads\/2025\/11\/vacanza-sport-2-768x576.jpg 768w\" sizes=\"(max-width: 1024px) 100vw, 1024px\" title=\"\"><\/a><\/div><\/figure><\/div><\/div><\/div><div class=\"vcex-image-carousel wpex-carousel wpex-carousel-images wpex-clr vcex-module owl-carousel arrwstyle-slim arrwpos-default  wpb_animate_when_almost_visible wpb_fadeIn fadeIn mobile\" data-wpex-carousel=\"{&quot;autoplay&quot;:&quot;true&quot;,&quot;slideBy&quot;:1,&quot;items&quot;:1,&quot;responsive&quot;:{&quot;0&quot;:{&quot;items&quot;:&quot;1&quot;},&quot;480&quot;:{&quot;items&quot;:1},&quot;768&quot;:{&quot;items&quot;:1},&quot;960&quot;:{&quot;items&quot;:1}},&quot;smartSpeed&quot;:1000,&quot;autoplayTimeout&quot;:2000}\"><div class=\"wpex-carousel-slide\"><figure class=\"wpex-carousel-entry-media entry-media wpex-relative wpex-rounded\"><img width=\"1024\" height=\"683\" src=\"https:\/\/www.campingboccadicecina.it\/wp-content\/uploads\/2025\/11\/vacanza-sport-4.jpg\" class=\"wpex-aspect-4-3 wpex-object-cover wpex-align-middle wpex-rounded skip-lazy\" alt=\"vacanza sport toscana\" data-no-lazy=\"1\" srcset=\"https:\/\/www.campingboccadicecina.it\/wp-content\/uploads\/2025\/11\/vacanza-sport-4.jpg 1024w, https:\/\/www.campingboccadicecina.it\/wp-content\/uploads\/2025\/11\/vacanza-sport-4-300x200.jpg 300w, https:\/\/www.campingboccadicecina.it\/wp-content\/uploads\/2025\/11\/vacanza-sport-4-768x512.jpg 768w\" sizes=\"(max-width: 1024px) 100vw, 1024px\" title=\"\"><\/figure><\/div><div class=\"wpex-carousel-slide\"><figure class=\"wpex-carousel-entry-media entry-media wpex-relative wpex-rounded\"><img width=\"1200\" height=\"800\" src=\"https:\/\/www.campingboccadicecina.it\/wp-content\/uploads\/2025\/11\/campi-sport-03.jpg\" class=\"wpex-aspect-4-3 wpex-object-cover wpex-align-middle wpex-rounded skip-lazy\" alt=\"campeggio con campi calcetto\" data-no-lazy=\"1\" srcset=\"https:\/\/www.campingboccadicecina.it\/wp-content\/uploads\/2025\/11\/campi-sport-03.jpg 1200w, https:\/\/www.campingboccadicecina.it\/wp-content\/uploads\/2025\/11\/campi-sport-03-300x200.jpg 300w, https:\/\/www.campingboccadicecina.it\/wp-content\/uploads\/2025\/11\/campi-sport-03-1024x683.jpg 1024w, https:\/\/www.campingboccadicecina.it\/wp-content\/uploads\/2025\/11\/campi-sport-03-768x512.jpg 768w\" sizes=\"(max-width: 1200px) 100vw, 1200px\" title=\"\"><\/figure><\/div><div class=\"wpex-carousel-slide\"><figure class=\"wpex-carousel-entry-media entry-media wpex-relative wpex-rounded\"><img width=\"1200\" height=\"900\" src=\"https:\/\/www.campingboccadicecina.it\/wp-content\/uploads\/2025\/11\/campi-sport-02.jpg\" class=\"wpex-aspect-4-3 wpex-object-cover wpex-align-middle wpex-rounded skip-lazy\" alt=\"campeggio con campi calcetto\" data-no-lazy=\"1\" srcset=\"https:\/\/www.campingboccadicecina.it\/wp-content\/uploads\/2025\/11\/campi-sport-02.jpg 1200w, https:\/\/www.campingboccadicecina.it\/wp-content\/uploads\/2025\/11\/campi-sport-02-300x225.jpg 300w, https:\/\/www.campingboccadicecina.it\/wp-content\/uploads\/2025\/11\/campi-sport-02-1024x768.jpg 1024w, https:\/\/www.campingboccadicecina.it\/wp-content\/uploads\/2025\/11\/campi-sport-02-768x576.jpg 768w\" sizes=\"(max-width: 1200px) 100vw, 1200px\" title=\"\"><\/figure><\/div><div class=\"wpex-carousel-slide\"><figure class=\"wpex-carousel-entry-media entry-media wpex-relative wpex-rounded\"><img width=\"1352\" height=\"900\" src=\"https:\/\/www.campingboccadicecina.it\/wp-content\/uploads\/2025\/11\/campi-sport.jpg\" class=\"wpex-aspect-4-3 wpex-object-cover wpex-align-middle wpex-rounded skip-lazy\" alt=\"campeggio con campi calcetto\" data-no-lazy=\"1\" srcset=\"https:\/\/www.campingboccadicecina.it\/wp-content\/uploads\/2025\/11\/campi-sport.jpg 1352w, https:\/\/www.campingboccadicecina.it\/wp-content\/uploads\/2025\/11\/campi-sport-300x200.jpg 300w, https:\/\/www.campingboccadicecina.it\/wp-content\/uploads\/2025\/11\/campi-sport-1024x682.jpg 1024w, https:\/\/www.campingboccadicecina.it\/wp-content\/uploads\/2025\/11\/campi-sport-768x511.jpg 768w\" sizes=\"(max-width: 1352px) 100vw, 1352px\" title=\"\"><\/figure><\/div><div class=\"wpex-carousel-slide\"><figure class=\"wpex-carousel-entry-media entry-media wpex-relative wpex-rounded\"><img width=\"1200\" height=\"900\" src=\"https:\/\/www.campingboccadicecina.it\/wp-content\/uploads\/2025\/11\/campo-tennis.jpg\" class=\"wpex-aspect-4-3 wpex-object-cover wpex-align-middle wpex-rounded skip-lazy\" alt=\"campeggio con campi tennis\" data-no-lazy=\"1\" srcset=\"https:\/\/www.campingboccadicecina.it\/wp-content\/uploads\/2025\/11\/campo-tennis.jpg 1200w, https:\/\/www.campingboccadicecina.it\/wp-content\/uploads\/2025\/11\/campo-tennis-300x225.jpg 300w, https:\/\/www.campingboccadicecina.it\/wp-content\/uploads\/2025\/11\/campo-tennis-1024x768.jpg 1024w, https:\/\/www.campingboccadicecina.it\/wp-content\/uploads\/2025\/11\/campo-tennis-768x576.jpg 768w\" sizes=\"(max-width: 1200px) 100vw, 1200px\" title=\"\"><\/figure><\/div><div class=\"wpex-carousel-slide\"><figure class=\"wpex-carousel-entry-media entry-media wpex-relative wpex-rounded\"><img width=\"1024\" height=\"768\" src=\"https:\/\/www.campingboccadicecina.it\/wp-content\/uploads\/2025\/11\/vacanza-sport-2.jpg\" class=\"wpex-aspect-4-3 wpex-object-cover wpex-align-middle wpex-rounded skip-lazy\" alt=\"vacanza sport toscana\" data-no-lazy=\"1\" srcset=\"https:\/\/www.campingboccadicecina.it\/wp-content\/uploads\/2025\/11\/vacanza-sport-2.jpg 1024w, https:\/\/www.campingboccadicecina.it\/wp-content\/uploads\/2025\/11\/vacanza-sport-2-300x225.jpg 300w, https:\/\/www.campingboccadicecina.it\/wp-content\/uploads\/2025\/11\/vacanza-sport-2-768x576.jpg 768w\" sizes=\"(max-width: 1024px) 100vw, 1024px\" title=\"\"><\/figure><\/div><\/div>[\/vc_column][\/vc_row][vc_row full_width=&#8220;stretch_row&#8220; el_class=&#8220;ptd35 pbd70 ptm35 pbm35&#8243; css=&#8220;.vc_custom_1763475788478{background-color: #F7F7F2 !important;}&#8220;][vc_column css_animation=&#8220;fadeIn&#8220;][vc_column_text css=&#8220;.vc_custom_1763475730689{margin-top: 15px !important;}&#8220;]\n<h2 style=\"text-align: center;\">Dienstleistungen und Aktivit\u00e4ten<\/h2>\n[\/vc_column_text][\/vc_column][\/vc_row][vc_row content_placement=&#8220;bottom&#8220; gap=&#8220;35&#8243; min_height=&#8220;400px&#8220; el_class=&#8220;mtd30 mbd120 mbm60&#8243;][vc_column css_animation=&#8220;fadeInUp&#8220; width=&#8220;1\/2&#8243; css=&#8220;.vc_custom_1763742385984{background-image: url(https:\/\/www.campingboccadicecina.it\/wp-content\/uploads\/2025\/11\/parco-pineta.jpeg?id=2233) !important;background-position: 0 0 !important;background-repeat: no-repeat !important;border-radius: 15px !important;}&#8220; wpex_bg_position=&#8220;50% 50%&#8220; wpex_bg_size=&#8220;cover&#8220; wpex_bg_overlay=&#8220;color&#8220; wpex_bg_overlay_opacity=&#8220;30%&#8220; el_class=&#8220;col_hover width_mini margin_mobile&#8220; css_animation_delay=&#8220;0.2&#8243; min_height=&#8220;400px&#8220;][vc_row_inner el_class=&#8220;text_no_hover mini_no_display mbd10 ptm30 mbm15&#8243; visibility=&#8220;hidden-phone&#8220;][vc_column_inner][vc_column_text css=&#8220;&#8220; color=&#8220;on-accent&#8220; font_size=&#8220;20px&#8220; font_family=&#8220;Poppins&#8220; font_weight=&#8220;700&#8243; line_height=&#8220;100%&#8220;]\n<p style=\"text-align: center;\">Sport &amp; Wellness im Kiefernwald<\/p>\n[\/vc_column_text][vc_column_text css=&#8220;.vc_custom_1763570790498{margin-top: 20px !important;margin-bottom: 15px !important;}&#8220; color=&#8220;on-accent&#8220; font_size=&#8220;16px&#8220; font_family=&#8220;Poppins&#8220; font_weight=&#8220;400&#8243;][\/vc_column_text][\/vc_column_inner][\/vc_row_inner][vc_row_inner el_class=&#8220;hover_center mini_margin_bottom ptm30 pbm100&#8243;][vc_column_inner][vc_column_text css=&#8220;&#8220; color=&#8220;on-accent&#8220; font_size=&#8220;25px&#8220; font_family=&#8220;Poppins&#8220; font_weight=&#8220;700&#8243; line_height=&#8220;100%&#8220;]\n<p style=\"text-align: center;\">Sport &amp; Wellness im Kiefernwald<\/p>\n[\/vc_column_text][vc_column_text css=&#8220;.vc_custom_1763740138975{margin-top: 20px !important;}&#8220; color=&#8220;on-accent&#8220; font_size=&#8220;16px&#8220; font_family=&#8220;Poppins&#8220; font_weight=&#8220;400&#8243;]\n<p style=\"text-align: center;\">Zwischen den B\u00e4umen des Pinienwaldes finden Sie einen <strong>Gesundheitspfad mit station\u00e4ren Ger\u00e4ten<\/strong>, perfekt f\u00fcr ein Training an der frischen Luft.<br \/>\nSie k\u00f6nnen auch auf dem Weg, der den Campingplatz mit dem Strand verbindet, <strong>laufen<\/strong> oder <strong>spazieren gehen<\/strong>, umgeben von Natur und dem Duft des Meeres.<\/p>\n[\/vc_column_text][\/vc_column_inner][\/vc_row_inner][\/vc_column][vc_column css_animation=&#8220;fadeInUp&#8220; width=&#8220;1\/2&#8243; css=&#8220;.vc_custom_1763742139144{background-image: url(https:\/\/www.campingboccadicecina.it\/wp-content\/uploads\/2025\/11\/vacanza-sport-2.jpg?id=2228) !important;background-position: 0 0 !important;background-repeat: no-repeat !important;border-radius: 15px !important;}&#8220; el_class=&#8220;col_hover width_mini margin_mobile&#8220; wpex_bg_overlay=&#8220;color&#8220; wpex_bg_overlay_opacity=&#8220;30%&#8220; wpex_bg_position=&#8220;50% 50%&#8220; wpex_bg_size=&#8220;cover&#8220; css_animation_delay=&#8220;0.4&#8243; min_height=&#8220;400px&#8220;][vc_row_inner el_class=&#8220;text_no_hover mini_no_display mbd10 ptm30 mbm15&#8243; visibility=&#8220;hidden-phone&#8220;][vc_column_inner][vc_column_text css=&#8220;&#8220; color=&#8220;on-accent&#8220; font_size=&#8220;20px&#8220; font_family=&#8220;Poppins&#8220; font_weight=&#8220;700&#8243; line_height=&#8220;100%&#8220;]\n<p style=\"text-align: center;\">Sport am Strand<\/p>\n[\/vc_column_text][vc_column_text css=&#8220;.vc_custom_1763570793351{margin-top: 20px !important;margin-bottom: 15px !important;}&#8220; color=&#8220;on-accent&#8220; font_size=&#8220;16px&#8220; font_family=&#8220;Poppins&#8220; font_weight=&#8220;400&#8243;][\/vc_column_text][\/vc_column_inner][\/vc_row_inner][vc_row_inner el_class=&#8220;hover_center mini_margin_bottom ptm30 pbm100&#8243;][vc_column_inner][vc_column_text css=&#8220;&#8220; color=&#8220;on-accent&#8220; font_size=&#8220;25px&#8220; font_family=&#8220;Poppins&#8220; font_weight=&#8220;700&#8243; line_height=&#8220;100%&#8220;]\n<p style=\"text-align: center;\">Sport am Strand<\/p>\n[\/vc_column_text][vc_column_text css=&#8220;.vc_custom_1763740175605{margin-top: 20px !important;}&#8220; color=&#8220;on-accent&#8220; font_size=&#8220;16px&#8220; font_family=&#8220;Poppins&#8220; font_weight=&#8220;400&#8243;]\n<p style=\"text-align: center;\">Erleben Sie Sport direkt am Meer: Beach-Volleyball- und Beach-Soccer-Felder und ein sch\u00f6ner, gut ausgestatteter Strand, der vom Campingplatz aus zu erreichen ist.<br \/>\nF\u00fcr alle, die das Wasser lieben, gibt es auch einen <strong>SUP-<\/strong> und <strong>Kanuverleih<\/strong> in Laufn\u00e4he.<\/p>\n[\/vc_column_text][\/vc_column_inner][\/vc_row_inner][\/vc_column][\/vc_row]\n<\/div>","protected":false},"excerpt":{"rendered":"<p>[vc_row css_animation=&#8220;fadeIn&#8220; full_width=&#8220;stretch_row&#8220; el_class=&#8220;hero_height&#8220; css=&#8220;.vc_custom_1763742103755{background-image: url(https:\/\/www.campingboccadicecina.it\/wp-content\/uploads\/2025\/11\/vacanza-sport-toscana.jpg?id=2226) !important;background-position: 0 0 !important;background-repeat: no-repeat !important;}&#8220; wpex_bg_position=&#8220;50% 50%&#8220; wpex_bg_size=&#8220;cover&#8220; wpex_bg_overlay=&#8220;color&#8220; wpex_bg_overlay_opacity=&#8220;20%&#8220;][vc_column][vc_column_text css_animation=&#8220;fadeInDown&#8220; css=&#8220;&#8220; color=&#8220;on-accent&#8220; font_size=&#8220;d:50|tl:40|tp:40|pl:30|pp:30&#8243; font_family=&#8220;Poppins&#8220; font_weight=&#8220;700&#8243; line_height=&#8220;120%&#8220;] Sportpl\u00e4tze: Tennis, Fu\u00dfball, Beachvolleyball [\/vc_column_text][\/vc_column][\/vc_row][vc_row el_class=&#8220;ptd80 pbd60 ptm20 pbm60&#8243;][vc_column css_animation=&#8220;fadeIn&#8220; width=&#8220;1\/2&#8243;][vc_column_text css=&#8220;&#8220; color=&#8220;accent&#8220; font_size=&#8220;30px&#8220; font_family=&#8220;Reenie Beanie&#8220; font_weight=&#8220;700&#8243; line_height=&#8220;150%&#8220;]Ausgestatteter Bereich f\u00fcr Spiele und Unterhaltung[\/vc_column_text][vc_column_text css=&#8220;&#8220; el_class=&#8220;mtd35 mtm30&#8243;] All der Sport, den Sie&hellip;<\/p>\n","protected":false},"author":3,"featured_media":0,"parent":0,"menu_order":0,"comment_status":"closed","ping_status":"closed","template":"","meta":{"_acf_changed":false,"inline_featured_image":false,"footnotes":""},"class_list":["post-3769","page","type-page","status-publish","hentry","entry","no-media"],"acf":[],"_links":{"self":[{"href":"https:\/\/www.campingboccadicecina.it\/de\/wp-json\/wp\/v2\/pages\/3769","targetHints":{"allow":["GET"]}}],"collection":[{"href":"https:\/\/www.campingboccadicecina.it\/de\/wp-json\/wp\/v2\/pages"}],"about":[{"href":"https:\/\/www.campingboccadicecina.it\/de\/wp-json\/wp\/v2\/types\/page"}],"author":[{"embeddable":true,"href":"https:\/\/www.campingboccadicecina.it\/de\/wp-json\/wp\/v2\/users\/3"}],"replies":[{"embeddable":true,"href":"https:\/\/www.campingboccadicecina.it\/de\/wp-json\/wp\/v2\/comments?post=3769"}],"version-history":[{"count":3,"href":"https:\/\/www.campingboccadicecina.it\/de\/wp-json\/wp\/v2\/pages\/3769\/revisions"}],"predecessor-version":[{"id":4241,"href":"https:\/\/www.campingboccadicecina.it\/de\/wp-json\/wp\/v2\/pages\/3769\/revisions\/4241"}],"wp:attachment":[{"href":"https:\/\/www.campingboccadicecina.it\/de\/wp-json\/wp\/v2\/media?parent=3769"}],"curies":[{"name":"wp","href":"https:\/\/api.w.org\/{rel}","templated":true}]}}